{"id":252,"date":"2025-05-01T18:10:42","date_gmt":"2025-05-01T16:10:42","guid":{"rendered":"https:\/\/husetbalance.dk\/?page_id=252"},"modified":"2026-01-09T10:57:49","modified_gmt":"2026-01-09T09:57:49","slug":"balance-2","status":"publish","type":"page","link":"https:\/\/husetbalance.dk\/","title":{"rendered":"Balance"},"content":{"rendered":"<style>.kb-row-layout-wrap.wp-block-kadence-rowlayout.kb-row-layout-id252_49d965-0f{margin-bottom:0px;}.kb-row-layout-id252_49d965-0f > .kt-row-column-wrap{align-content:start;}:where(.kb-row-layout-id252_49d965-0f > .kt-row-column-wrap) > .wp-block-kadence-column{justify-content:start;}.kb-row-layout-id252_49d965-0f > .kt-row-column-wrap{column-gap:var(--global-kb-gap-md, 2rem);row-gap:var(--global-kb-gap-md, 2rem);padding-top:var(--global-kb-spacing-sm, 1.5rem);padding-bottom:var(--global-kb-spacing-sm, 1.5rem);grid-template-columns:minmax(0, 1fr) minmax(0, 2fr);}.kb-row-layout-id252_49d965-0f > .kt-row-layout-overlay{opacity:0.30;}@media all and (max-width: 1024px){.kb-row-layout-id252_49d965-0f > .kt-row-column-wrap{grid-template-columns:minmax(0, 1fr) minmax(0, 2fr);}}@media all and (max-width: 767px){.kb-row-layout-id252_49d965-0f > .kt-row-column-wrap{grid-template-columns:minmax(0, 1fr);}}<\/style><div class=\"kb-row-layout-wrap kb-row-layout-id252_49d965-0f alignnone wp-block-kadence-rowlayout\"><div class=\"kt-row-column-wrap kt-has-2-columns kt-row-layout-right-golden kt-tab-layout-inherit kt-mobile-layout-row kt-row-valign-top\">\n<style>.kadence-column252_990a18-bc > .kt-inside-inner-col,.kadence-column252_990a18-bc > .kt-inside-inner-col:before{border-top-left-radius:0px;border-top-right-radius:0px;border-bottom-right-radius:0px;border-bottom-left-radius:0px;}.kadence-column252_990a18-bc > .kt-inside-inner-col{column-gap:var(--global-kb-gap-sm, 1rem);}.kadence-column252_990a18-bc > .kt-inside-inner-col{flex-direction:column;}.kadence-column252_990a18-bc > .kt-inside-inner-col > .aligncenter{width:100%;}.kadence-column252_990a18-bc > .kt-inside-inner-col:before{opacity:0.3;}.kadence-column252_990a18-bc{position:relative;}@media all and (max-width: 1024px){.kadence-column252_990a18-bc > .kt-inside-inner-col{flex-direction:column;justify-content:center;}}@media all and (max-width: 767px){.kadence-column252_990a18-bc > .kt-inside-inner-col{flex-direction:column;justify-content:center;}}<\/style>\n<div class=\"wp-block-kadence-column kadence-column252_990a18-bc\"><div class=\"kt-inside-inner-col\">\n<figure class=\"wp-block-image size-full\"><a href=\"https:\/\/husetbalance.dk\/wp-content\/uploads\/Balance3_NyMusik.mp4\" target=\"_blank\" rel=\" noreferrer noopener\"><img loading=\"lazy\" decoding=\"async\" width=\"567\" height=\"600\" src=\"https:\/\/husetbalance.dk\/wp-content\/uploads\/Formel2.jpg\" alt=\"\" class=\"wp-image-209\" srcset=\"https:\/\/husetbalance.dk\/wp-content\/uploads\/Formel2.jpg 567w, https:\/\/husetbalance.dk\/wp-content\/uploads\/Formel2-284x300.jpg 284w\" sizes=\"auto, (max-width: 567px) 100vw, 567px\" \/><\/a><figcaption class=\"wp-element-caption\">Tryk p\u00e5 det orange felt og se min video<\/figcaption><\/figure>\n\n\n\n<figure class=\"wp-block-image size-full\"><img loading=\"lazy\" decoding=\"async\" width=\"350\" height=\"287\" src=\"https:\/\/husetbalance.dk\/wp-content\/uploads\/Gitte-i-haven2-web.jpg\" alt=\"\" class=\"wp-image-569\" srcset=\"https:\/\/husetbalance.dk\/wp-content\/uploads\/Gitte-i-haven2-web.jpg 350w, https:\/\/husetbalance.dk\/wp-content\/uploads\/Gitte-i-haven2-web-300x246.jpg 300w\" sizes=\"auto, (max-width: 350px) 100vw, 350px\" \/><\/figure>\n\n\n\n<div style=\"height:25px\" aria-hidden=\"true\" class=\"wp-block-spacer\"><\/div>\n\n\n\n<div class=\"wp-block-buttons is-layout-flex wp-block-buttons-is-layout-flex\"><\/div>\n\n\n<style>.wp-block-kadence-advancedbtn.kb-btns252_3f5e8d-69{gap:var(--global-kb-gap-xs, 0.5rem );justify-content:center;align-items:center;}.kt-btns252_3f5e8d-69 .kt-button{font-weight:normal;font-style:normal;}.kt-btns252_3f5e8d-69 .kt-btn-wrap-0{margin-right:5px;}.wp-block-kadence-advancedbtn.kt-btns252_3f5e8d-69 .kt-btn-wrap-0 .kt-button{color:#555555;border-color:#555555;}.wp-block-kadence-advancedbtn.kt-btns252_3f5e8d-69 .kt-btn-wrap-0 .kt-button:hover, .wp-block-kadence-advancedbtn.kt-btns252_3f5e8d-69 .kt-btn-wrap-0 .kt-button:focus{color:#ffffff;border-color:#444444;}.wp-block-kadence-advancedbtn.kt-btns252_3f5e8d-69 .kt-btn-wrap-0 .kt-button::before{display:none;}.wp-block-kadence-advancedbtn.kt-btns252_3f5e8d-69 .kt-btn-wrap-0 .kt-button:hover, .wp-block-kadence-advancedbtn.kt-btns252_3f5e8d-69 .kt-btn-wrap-0 .kt-button:focus{background:#444444;}<\/style>\n<div class=\"wp-block-kadence-advancedbtn kb-buttons-wrap kb-btns252_3f5e8d-69\"><style>ul.menu .wp-block-kadence-advancedbtn .kb-btn252_889de0-c9.kb-button{width:initial;}.wp-block-kadence-advancedbtn .kb-btn252_889de0-c9.kb-button{background:#1b75bc;font-size:15px;letter-spacing:1px;font-family:'Open Sans';font-weight:600;text-transform:none;border-top-left-radius:12px;border-top-right-radius:12px;border-bottom-right-radius:12px;border-bottom-left-radius:12px;border-top:0px solid #1b75bc;border-right:0px solid #1b75bc;border-bottom:0px solid #1b75bc;border-left:0px solid #1b75bc;}.wp-block-kadence-advancedbtn .kb-btn252_889de0-c9.kb-button:hover, .wp-block-kadence-advancedbtn .kb-btn252_889de0-c9.kb-button:focus{color:var(--base-3);background:rgba(27,117,188,0.62);border-top-color:rgba(27,117,188,0.52);border-top-style:solid;border-right-color:rgba(27,117,188,0.52);border-right-style:solid;border-bottom-color:rgba(27,117,188,0.52);border-bottom-style:solid;border-left-color:rgba(27,117,188,0.52);border-left-style:solid;}@media all and (max-width: 1024px){.wp-block-kadence-advancedbtn .kb-btn252_889de0-c9.kb-button{border-top:0px solid #1b75bc;border-right:0px solid #1b75bc;border-bottom:0px solid #1b75bc;border-left:0px solid #1b75bc;}}@media all and (max-width: 1024px){.wp-block-kadence-advancedbtn .kb-btn252_889de0-c9.kb-button:hover, .wp-block-kadence-advancedbtn .kb-btn252_889de0-c9.kb-button:focus{border-top-color:rgba(27,117,188,0.52);border-top-style:solid;border-right-color:rgba(27,117,188,0.52);border-right-style:solid;border-bottom-color:rgba(27,117,188,0.52);border-bottom-style:solid;border-left-color:rgba(27,117,188,0.52);border-left-style:solid;}}@media all and (max-width: 767px){.wp-block-kadence-advancedbtn .kb-btn252_889de0-c9.kb-button{border-top:0px solid #1b75bc;border-right:0px solid #1b75bc;border-bottom:0px solid #1b75bc;border-left:0px solid #1b75bc;}.wp-block-kadence-advancedbtn .kb-btn252_889de0-c9.kb-button:hover, .wp-block-kadence-advancedbtn .kb-btn252_889de0-c9.kb-button:focus{border-top-color:rgba(27,117,188,0.52);border-top-style:solid;border-right-color:rgba(27,117,188,0.52);border-right-style:solid;border-bottom-color:rgba(27,117,188,0.52);border-bottom-style:solid;border-left-color:rgba(27,117,188,0.52);border-left-style:solid;}}<\/style><a class=\"kb-button kt-button button kb-btn252_889de0-c9 kt-btn-size-standard kt-btn-width-type-full kb-btn-global-fill  kt-btn-has-text-true kt-btn-has-svg-false  wp-block-kadence-singlebtn\" href=\"https:\/\/husetbalance.dk\/?redirect_to=random\"><span class=\"kt-btn-inner-text\">DAGENS INSPIRATION<\/span><\/a><\/div>\n<\/div><\/div>\n\n\n<style>.kadence-column252_f10f90-bd > .kt-inside-inner-col,.kadence-column252_f10f90-bd > .kt-inside-inner-col:before{border-top-left-radius:0px;border-top-right-radius:0px;border-bottom-right-radius:0px;border-bottom-left-radius:0px;}.kadence-column252_f10f90-bd > .kt-inside-inner-col{column-gap:var(--global-kb-gap-sm, 1rem);}.kadence-column252_f10f90-bd > .kt-inside-inner-col{flex-direction:column;}.kadence-column252_f10f90-bd > .kt-inside-inner-col > .aligncenter{width:100%;}.kadence-column252_f10f90-bd > .kt-inside-inner-col:before{opacity:0.3;}.kadence-column252_f10f90-bd{position:relative;}@media all and (max-width: 1024px){.kadence-column252_f10f90-bd > .kt-inside-inner-col{flex-direction:column;justify-content:center;}}@media all and (max-width: 767px){.kadence-column252_f10f90-bd > .kt-inside-inner-col{flex-direction:column;justify-content:center;}}<\/style>\n<div class=\"wp-block-kadence-column kadence-column252_f10f90-bd\"><div class=\"kt-inside-inner-col\">\n<p>Hjertelig velkommen til dig som privatperson og til dig med ansvar for medarbejdere.<\/p>\n\n\n\n<p>Tag dig endelig god tid til at udforske siden. Her finder du vejledning, behandling og kurser med fokus p\u00e5 b\u00e5de krop, psyke og helhed.&nbsp;<\/p>\n\n\n\n<p>Mit \u00f8nske er at give st\u00f8tte i at finde st\u00f8rre balance og livsmestring \u2013 b\u00e5de i dit personlige liv og i arbejdslivet \u2013 s\u00e5 du kan st\u00e5 st\u00e6rkere i dig selv og i m\u00f8det med dine omgivelser.<\/p>\n\n\n\n<p>Som virksomhedsansvarlig kan du hos mig finde kurser, der styrker dine medarbejdere personligt, men ogs\u00e5 som team. Klik p\u00e5 <a href=\"https:\/\/husetbalance.dk\/index.php\/virksomheder\/\" data-type=\"page\" data-id=\"30\">Virksomheder<\/a> for at se, hvad jeg kan tilbyde specielt til din arbejdsplads.<\/p>\n\n\n\n<p>Uanset om du kommer som privat hos mig, eller jeg kommer ud til din virksomhed, tilbyder jeg tryghed og n\u00e6rv\u00e6r, hvor din udvikling ses i et helhedsperspektiv \u2013 med respekt for din fysiske krop, dine f\u00f8lelser og tanker, dine relationer og ikke mindst din m\u00e5de at v\u00e6re i verden p\u00e5.<\/p>\n<\/div><\/div>\n\n<\/div><\/div>\n\n\n<hr class=\"wp-block-separator has-text-color has-alpha-channel-opacity has-background\" style=\"background-color:#ff6600;color:#ff6600\"\/>\n\n\n\n<p><strong>Balance<\/strong><br>Gitte Bonde Korning<br>Psykomotorisk terapeut\/afsp\u00e6ndingsp\u00e6dagog, DAP<br><\/p>\n\n\n\n<p><a href=\"https:\/\/husetbalance.dk\/index.php\/kontakt\/\" target=\"_blank\" rel=\"noreferrer noopener\">Kontakt<\/a><\/p>\n\n\n\n<div class=\"wp-block-buttons is-content-justification-center is-layout-flex wp-container-core-buttons-is-layout-16018d1d wp-block-buttons-is-layout-flex\"><\/div>\n\n\n\n<p><\/p>\n","protected":false},"excerpt":{"rendered":"<p>Hjertelig velkommen til dig som privatperson og til dig med ansvar for medarbejdere. Tag dig endelig god tid til at udforske siden. Her finder du vejledning, behandling og kurser med fokus p\u00e5 b\u00e5de krop, psyke og helhed.&nbsp; Mit \u00f8nske er at give st\u00f8tte i at finde st\u00f8rre balance og livsmestring \u2013 b\u00e5de i dit personlige &#8230; <a title=\"Balance\" class=\"read-more\" href=\"https:\/\/husetbalance.dk\/\" aria-label=\"Read more about Balance\">L\u00e6s Mere<\/a><\/p>\n","protected":false},"author":1,"featured_media":0,"parent":0,"menu_order":0,"comment_status":"closed","ping_status":"closed","template":"","meta":{"inline_featured_image":false,"footnotes":""},"class_list":["post-252","page","type-page","status-publish"],"featured_image_src":null,"featured_image_src_square":null,"_links":{"self":[{"href":"https:\/\/husetbalance.dk\/index.php\/wp-json\/wp\/v2\/pages\/252","targetHints":{"allow":["GET"]}}],"collection":[{"href":"https:\/\/husetbalance.dk\/index.php\/wp-json\/wp\/v2\/pages"}],"about":[{"href":"https:\/\/husetbalance.dk\/index.php\/wp-json\/wp\/v2\/types\/page"}],"author":[{"embeddable":true,"href":"https:\/\/husetbalance.dk\/index.php\/wp-json\/wp\/v2\/users\/1"}],"replies":[{"embeddable":true,"href":"https:\/\/husetbalance.dk\/index.php\/wp-json\/wp\/v2\/comments?post=252"}],"version-history":[{"count":40,"href":"https:\/\/husetbalance.dk\/index.php\/wp-json\/wp\/v2\/pages\/252\/revisions"}],"predecessor-version":[{"id":578,"href":"https:\/\/husetbalance.dk\/index.php\/wp-json\/wp\/v2\/pages\/252\/revisions\/578"}],"wp:attachment":[{"href":"https:\/\/husetbalance.dk\/index.php\/wp-json\/wp\/v2\/media?parent=252"}],"curies":[{"name":"wp","href":"https:\/\/api.w.org\/{rel}","templated":true}]}}